{"id":16221,"date":"2025-01-27T14:02:37","date_gmt":"2025-01-27T17:02:37","guid":{"rendered":"https:\/\/usa.me-elecmetal.com\/?page_id=16221"},"modified":"2025-06-17T14:17:51","modified_gmt":"2025-06-17T17:17:51","slug":"convencion-internacional-de-mineria-2025","status":"publish","type":"page","link":"https:\/\/usa.me-elecmetal.com\/en-us\/events\/convencion-internacional-de-mineria-2025\/","title":{"rendered":"Convenci\u00f3n Internacional de Miner\u00eda 2025"},"content":{"rendered":"<p><span style=\"color: #ffffff\">Join ME Elecmetal at the XXXVI Convenci\u00f3n Internacional de Miner\u00eda 2025 in Acapulco, Mexico!<\/span><\/p>\n","protected":false},"excerpt":{"rendered":"<p>Join ME Elecmetal at the XXXVI Convenci\u00f3n Internacional de Miner\u00eda 2025 in Acapulco, Mexico!<\/p>\n","protected":false},"author":11,"featured_media":21506,"parent":5538,"menu_order":0,"comment_status":"closed","ping_status":"closed","template":"template-new-event.php","meta":{"_acf_changed":false,"inline_featured_image":false,"footnotes":""},"tipo_de_pagina":[727],"tipo_de_campana":[],"class_list":["post-16221","page","type-page","status-publish","has-post-thumbnail","hentry","tipo_de_pagina-event"],"acf":[],"yoast_head":"<!-- This site is optimized with the Yoast SEO plugin v27.1.1 - https:\/\/yoast.com\/product\/yoast-seo-wordpress\/ -->\n<title>Convenci\u00f3n Internacional de Miner\u00eda 2025 - ME Elecmetal - USA<\/title>\n<meta name=\"robots\" content=\"index, follow, max-snippet:-1, max-image-preview:large, max-video-preview:-1\" \/>\n<link rel=\"canonical\" href=\"https:\/\/usa.me-elecmetal.com\/en-us\/events\/convencion-internacional-de-mineria-2025\/\" \/>\n<meta property=\"og:locale\" content=\"en_GB\" \/>\n<meta property=\"og:type\" content=\"article\" \/>\n<meta property=\"og:title\" content=\"Convenci\u00f3n Internacional de Miner\u00eda 2025 - ME Elecmetal - USA\" \/>\n<meta property=\"og:description\" content=\"Join ME Elecmetal at the XXXVI Convenci\u00f3n Internacional de Miner\u00eda 2025 in Acapulco, Mexico!\" \/>\n<meta property=\"og:url\" content=\"https:\/\/usa.me-elecmetal.com\/en-us\/events\/convencion-internacional-de-mineria-2025\/\" \/>\n<meta property=\"og:site_name\" content=\"ME Elecmetal - USA\" \/>\n<meta property=\"article:modified_time\" content=\"2025-06-17T17:17:51+00:00\" \/>\n<meta property=\"og:image\" content=\"https:\/\/usa.me-elecmetal.com\/wp-content\/uploads\/sites\/2\/2021\/11\/logo-convencion-colores.png\" \/>\n\t<meta property=\"og:image:width\" content=\"792\" \/>\n\t<meta property=\"og:image:height\" content=\"612\" \/>\n\t<meta property=\"og:image:type\" content=\"image\/png\" \/>\n<meta name=\"twitter:card\" content=\"summary_large_image\" \/>\n<script type=\"application\/ld+json\" class=\"yoast-schema-graph\">{\"@context\":\"https:\/\/schema.org\",\"@graph\":[{\"@type\":\"WebPage\",\"@id\":\"https:\/\/usa.me-elecmetal.com\/en-us\/events\/convencion-internacional-de-mineria-2025\/\",\"url\":\"https:\/\/usa.me-elecmetal.com\/en-us\/events\/convencion-internacional-de-mineria-2025\/\",\"name\":\"Convenci\u00f3n Internacional de Miner\u00eda 2025 - ME Elecmetal - USA\",\"isPartOf\":{\"@id\":\"https:\/\/usa.me-elecmetal.com\/en-us\/#website\"},\"primaryImageOfPage\":{\"@id\":\"https:\/\/usa.me-elecmetal.com\/en-us\/events\/convencion-internacional-de-mineria-2025\/#primaryimage\"},\"image\":{\"@id\":\"https:\/\/usa.me-elecmetal.com\/en-us\/events\/convencion-internacional-de-mineria-2025\/#primaryimage\"},\"thumbnailUrl\":\"https:\/\/usa.me-elecmetal.com\/wp-content\/uploads\/sites\/2\/2025\/05\/20250529-Acapulco-Mobile-500x600-01-2.jpg\",\"datePublished\":\"2025-01-27T17:02:37+00:00\",\"dateModified\":\"2025-06-17T17:17:51+00:00\",\"breadcrumb\":{\"@id\":\"https:\/\/usa.me-elecmetal.com\/en-us\/events\/convencion-internacional-de-mineria-2025\/#breadcrumb\"},\"inLanguage\":\"en-GB\",\"potentialAction\":[{\"@type\":\"ReadAction\",\"target\":[\"https:\/\/usa.me-elecmetal.com\/en-us\/events\/convencion-internacional-de-mineria-2025\/\"]}]},{\"@type\":\"ImageObject\",\"inLanguage\":\"en-GB\",\"@id\":\"https:\/\/usa.me-elecmetal.com\/en-us\/events\/convencion-internacional-de-mineria-2025\/#primaryimage\",\"url\":\"https:\/\/usa.me-elecmetal.com\/wp-content\/uploads\/sites\/2\/2025\/05\/20250529-Acapulco-Mobile-500x600-01-2.jpg\",\"contentUrl\":\"https:\/\/usa.me-elecmetal.com\/wp-content\/uploads\/sites\/2\/2025\/05\/20250529-Acapulco-Mobile-500x600-01-2.jpg\",\"width\":1042,\"height\":1250,\"caption\":\"Acapulco 2025\"},{\"@type\":\"BreadcrumbList\",\"@id\":\"https:\/\/usa.me-elecmetal.com\/en-us\/events\/convencion-internacional-de-mineria-2025\/#breadcrumb\",\"itemListElement\":[{\"@type\":\"ListItem\",\"position\":1,\"name\":\"Portada\",\"item\":\"https:\/\/usa.me-elecmetal.com\/en-us\/\"},{\"@type\":\"ListItem\",\"position\":2,\"name\":\"Events\",\"item\":\"https:\/\/usa.me-elecmetal.com\/en-us\/events\/\"},{\"@type\":\"ListItem\",\"position\":3,\"name\":\"Convenci\u00f3n Internacional de Miner\u00eda\"}]},{\"@type\":\"WebSite\",\"@id\":\"https:\/\/usa.me-elecmetal.com\/en-us\/#website\",\"url\":\"https:\/\/usa.me-elecmetal.com\/en-us\/\",\"name\":\"ME Elecmetal - USA\",\"description\":\"Presencia y Distribuci\u00f3n Global\",\"potentialAction\":[{\"@type\":\"SearchAction\",\"target\":{\"@type\":\"EntryPoint\",\"urlTemplate\":\"https:\/\/usa.me-elecmetal.com\/en-us\/?s={search_term_string}\"},\"query-input\":{\"@type\":\"PropertyValueSpecification\",\"valueRequired\":true,\"valueName\":\"search_term_string\"}}],\"inLanguage\":\"en-GB\"}]}<\/script>\n<!-- \/ Yoast SEO plugin. -->","yoast_head_json":{"title":"Convenci\u00f3n Internacional de Miner\u00eda 2025 - ME Elecmetal - USA","robots":{"index":"index","follow":"follow","max-snippet":"max-snippet:-1","max-image-preview":"max-image-preview:large","max-video-preview":"max-video-preview:-1"},"canonical":"https:\/\/usa.me-elecmetal.com\/en-us\/events\/convencion-internacional-de-mineria-2025\/","og_locale":"en_GB","og_type":"article","og_title":"Convenci\u00f3n Internacional de Miner\u00eda 2025 - ME Elecmetal - USA","og_description":"Join ME Elecmetal at the XXXVI Convenci\u00f3n Internacional de Miner\u00eda 2025 in Acapulco, Mexico!","og_url":"https:\/\/usa.me-elecmetal.com\/en-us\/events\/convencion-internacional-de-mineria-2025\/","og_site_name":"ME Elecmetal - USA","article_modified_time":"2025-06-17T17:17:51+00:00","og_image":[{"width":792,"height":612,"url":"https:\/\/usa.me-elecmetal.com\/wp-content\/uploads\/sites\/2\/2021\/11\/logo-convencion-colores.png","type":"image\/png"}],"twitter_card":"summary_large_image","schema":{"@context":"https:\/\/schema.org","@graph":[{"@type":"WebPage","@id":"https:\/\/usa.me-elecmetal.com\/en-us\/events\/convencion-internacional-de-mineria-2025\/","url":"https:\/\/usa.me-elecmetal.com\/en-us\/events\/convencion-internacional-de-mineria-2025\/","name":"Convenci\u00f3n Internacional de Miner\u00eda 2025 - ME Elecmetal - USA","isPartOf":{"@id":"https:\/\/usa.me-elecmetal.com\/en-us\/#website"},"primaryImageOfPage":{"@id":"https:\/\/usa.me-elecmetal.com\/en-us\/events\/convencion-internacional-de-mineria-2025\/#primaryimage"},"image":{"@id":"https:\/\/usa.me-elecmetal.com\/en-us\/events\/convencion-internacional-de-mineria-2025\/#primaryimage"},"thumbnailUrl":"https:\/\/usa.me-elecmetal.com\/wp-content\/uploads\/sites\/2\/2025\/05\/20250529-Acapulco-Mobile-500x600-01-2.jpg","datePublished":"2025-01-27T17:02:37+00:00","dateModified":"2025-06-17T17:17:51+00:00","breadcrumb":{"@id":"https:\/\/usa.me-elecmetal.com\/en-us\/events\/convencion-internacional-de-mineria-2025\/#breadcrumb"},"inLanguage":"en-GB","potentialAction":[{"@type":"ReadAction","target":["https:\/\/usa.me-elecmetal.com\/en-us\/events\/convencion-internacional-de-mineria-2025\/"]}]},{"@type":"ImageObject","inLanguage":"en-GB","@id":"https:\/\/usa.me-elecmetal.com\/en-us\/events\/convencion-internacional-de-mineria-2025\/#primaryimage","url":"https:\/\/usa.me-elecmetal.com\/wp-content\/uploads\/sites\/2\/2025\/05\/20250529-Acapulco-Mobile-500x600-01-2.jpg","contentUrl":"https:\/\/usa.me-elecmetal.com\/wp-content\/uploads\/sites\/2\/2025\/05\/20250529-Acapulco-Mobile-500x600-01-2.jpg","width":1042,"height":1250,"caption":"Acapulco 2025"},{"@type":"BreadcrumbList","@id":"https:\/\/usa.me-elecmetal.com\/en-us\/events\/convencion-internacional-de-mineria-2025\/#breadcrumb","itemListElement":[{"@type":"ListItem","position":1,"name":"Portada","item":"https:\/\/usa.me-elecmetal.com\/en-us\/"},{"@type":"ListItem","position":2,"name":"Events","item":"https:\/\/usa.me-elecmetal.com\/en-us\/events\/"},{"@type":"ListItem","position":3,"name":"Convenci\u00f3n Internacional de Miner\u00eda"}]},{"@type":"WebSite","@id":"https:\/\/usa.me-elecmetal.com\/en-us\/#website","url":"https:\/\/usa.me-elecmetal.com\/en-us\/","name":"ME Elecmetal - USA","description":"Presencia y Distribuci\u00f3n Global","potentialAction":[{"@type":"SearchAction","target":{"@type":"EntryPoint","urlTemplate":"https:\/\/usa.me-elecmetal.com\/en-us\/?s={search_term_string}"},"query-input":{"@type":"PropertyValueSpecification","valueRequired":true,"valueName":"search_term_string"}}],"inLanguage":"en-GB"}]}},"_links":{"self":[{"href":"https:\/\/usa.me-elecmetal.com\/en-us\/wp-json\/wp\/v2\/pages\/16221","targetHints":{"allow":["GET"]}}],"collection":[{"href":"https:\/\/usa.me-elecmetal.com\/en-us\/wp-json\/wp\/v2\/pages"}],"about":[{"href":"https:\/\/usa.me-elecmetal.com\/en-us\/wp-json\/wp\/v2\/types\/page"}],"author":[{"embeddable":true,"href":"https:\/\/usa.me-elecmetal.com\/en-us\/wp-json\/wp\/v2\/users\/11"}],"replies":[{"embeddable":true,"href":"https:\/\/usa.me-elecmetal.com\/en-us\/wp-json\/wp\/v2\/comments?post=16221"}],"version-history":[{"count":5,"href":"https:\/\/usa.me-elecmetal.com\/en-us\/wp-json\/wp\/v2\/pages\/16221\/revisions"}],"predecessor-version":[{"id":21781,"href":"https:\/\/usa.me-elecmetal.com\/en-us\/wp-json\/wp\/v2\/pages\/16221\/revisions\/21781"}],"up":[{"embeddable":true,"href":"https:\/\/usa.me-elecmetal.com\/en-us\/wp-json\/wp\/v2\/pages\/5538"}],"wp:featuredmedia":[{"embeddable":true,"href":"https:\/\/usa.me-elecmetal.com\/en-us\/wp-json\/wp\/v2\/media\/21506"}],"wp:attachment":[{"href":"https:\/\/usa.me-elecmetal.com\/en-us\/wp-json\/wp\/v2\/media?parent=16221"}],"wp:term":[{"taxonomy":"tipo_de_pagina","embeddable":true,"href":"https:\/\/usa.me-elecmetal.com\/en-us\/wp-json\/wp\/v2\/tipo_de_pagina?post=16221"},{"taxonomy":"tipo_de_campana","embeddable":true,"href":"https:\/\/usa.me-elecmetal.com\/en-us\/wp-json\/wp\/v2\/tipo_de_campana?post=16221"}],"curies":[{"name":"wp","href":"https:\/\/api.w.org\/{rel}","templated":true}]}}